{"id":153,"date":"2014-06-23T22:02:41","date_gmt":"2014-06-23T19:02:41","guid":{"rendered":"http:\/\/sofiaterapia.net\/hallinta\/?page_id=153"},"modified":"2018-03-08T22:48:12","modified_gmt":"2018-03-08T20:48:12","slug":"filosofi","status":"publish","type":"page","link":"https:\/\/sofiaterapia.net\/sv\/filosofi\/","title":{"rendered":"Filosofi"},"content":{"rendered":"<h5><a href=\"http:\/\/sofiaterapia.net\/hallinta\/wp-content\/uploads\/2013\/04\/simpukat-e1416832661672.jpg\"><img loading=\"lazy\" decoding=\"async\" class=\"alignleft wp-image-207\" src=\"http:\/\/sofiaterapia.net\/hallinta\/wp-content\/uploads\/2013\/04\/simpukat-e1416832661672-291x300.jpg\" alt=\"simpukat\" width=\"191\" height=\"197\" srcset=\"https:\/\/sofiaterapia.net\/hallinta\/wp-content\/uploads\/2013\/04\/simpukat-e1416832661672-291x300.jpg 291w, https:\/\/sofiaterapia.net\/hallinta\/wp-content\/uploads\/2013\/04\/simpukat-e1416832661672.jpg 924w\" sizes=\"auto, (max-width: 191px) 100vw, 191px\" \/><\/a>Filosofens mottagning<\/h5>\n<p>Till filosofens mottagning kan du komma till exempel n\u00e4r du kommer till ett v\u00e4gsk\u00e4l i livet, under en depression eller d\u00e5 du har en sv\u00e5r situation i livet. Det \u00e4r ocks\u00e5 m\u00f6jligt att fundera \u00f6ver h\u00e4ndelser fr\u00e5n det tidigare i livet, unders\u00f6ka hur det f\u00f6rflutna p\u00e5verkar nuet eller f\u00f6rs\u00f6ka hitta en ny synvinkel p\u00e5 det som h\u00e4nt. Du kan ocks\u00e5 filosofera \u00f6ver livets mysterium och \u00f6ver din plats i v\u00e4rlden.<\/p>\n<h5>Dialogen mellan filosofen och klienten \u00e4r \u00f6ppen och j\u00e4mlik<\/h5>\n<p>En filosof ska alltid m\u00f6ta sin klient utan f\u00f6rdomar. Det \u00e4r inte filosofens sak att diagnostisera m\u00e4nniskan. Filosofen f\u00f6rs\u00f6ker att se p\u00e5 h\u00e4ndelserna som de \u00e4r, inte betrakta dem som negativa eller positiva.<\/p>\n<p>Filosofens mottagning kan vara ett alternativ till psykoterapin. Den kan ocks\u00e5 medf\u00f6ra en ny synvinkel till terapin och s\u00e5ledes vara terapins medhj\u00e4lpare. Man kan g\u00e4rna diskutera med filosofen om meningen om livet , om allt mellan himmel och jord och varf\u00f6r inte lite om det som existerar utanf\u00f6r v\u00e4rlden ocks\u00e5.<\/p>\n<h5>Sinnets tr\u00e4ningar<\/h5>\n<p>Allt f\u00f6r\u00e4ndrar sig n\u00e4r man ser p\u00e5 det fr\u00e5n olika synvinklar. Detta \u00e4r n\u00e5gonting man l\u00e4r sig d\u00e5 man f\u00f6rs\u00f6ker hitta nya tankestigar och f\u00f6r\u00e4ndrar perspektivet. Det som h\u00e4nt visar vanligtvis sitt riktiga ansikte f\u00f6rst efter att tiden har g\u00e5tt. En h\u00e4ndelse leder till en annan och sorgliga och fruktansv\u00e4rda saker kan bli d\u00f6rren till gl\u00e4dje och lycka. M\u00e4nniskans frihet ligger i hennes m\u00f6jlighet att v\u00e4lja sin attityd. N\u00e4r man s\u00f6ker efter nya synvinklar kan man samtidigt ifr\u00e5gas\u00e4tta sina gamla tankemodeller, eftersom meningen \u00e4r att hitta nya s\u00e4tt att t\u00e4nka. Vi kan j\u00e4mf\u00f6ra filosofin med gymnastik, i b\u00f6rjan \u00e4r kroppen styv men under tr\u00e4ningarna blir det smidigare. Samma g\u00e4ller ocks\u00e5 t\u00e4nkandet, styvt sinne beh\u00f6ver ocks\u00e5 \u00f6vningar och segt och systematiskt arbete leder till nya s\u00e4tt att t\u00e4nka. Till exempel depression kan ist\u00e4llet f\u00f6r sjukdom vara en ny m\u00f6jlighet, den kan \u00e4ven vara en plats f\u00f6r vila och en ny start i livet.<\/p>\n<h5>Gott liv och k\u00e4rlek av visdom<\/h5>\n<p>I antiken t\u00e4nkte filosoferna att det var viktig att fundera \u00f6ver hur man borde leva f\u00f6r att livet skulle vara gott. Gott liv inneh\u00f6ll s\u00e5 klart filosofin; \u00e4lskadet av vishet och forskandet av livet och v\u00e4rlden. Den som \u00e4lskade visheten f\u00f6rs\u00f6kte alltid f\u00f6lja visdomens v\u00e4ger. Hj\u00e4lp fick hon fr\u00e5n de fyra dygderna: mod, m\u00e5ttfullhet och r\u00e4ttvisa. Dygdernas drottning var Sofia, den praktiska visdomen sj\u00e4lv.<\/p>\n<p>Vad kunde \u00e4lskade av vishet betyda i dag? H\u00f6gst f\u00f6rmodligen det samma som det betydde f\u00f6r \u00f6ver 2000 \u00e5r sedan. De grundl\u00e4ggande sakerna har inte f\u00f6r\u00e4ndrats fast v\u00e4rlden och samh\u00e4llet har. Rikedomar och kulturer har f\u00f6rsvunnit men fortfarande grubblar vi \u00f6ver samma g\u00e5ta, vad kr\u00e4vs det f\u00f6r att bli lycklig? \u00c4r ett lyckligt liv ett gott liv? Varifr\u00e5n kan man hitta tr\u00f6st n\u00e4r livet \u00e4r trist, gr\u00e5tt och dystert? Eller n\u00e4r man inte hittar sin plats trots man har f\u00f6rs\u00f6kt sitt b\u00e4sta, n\u00e4r k\u00e4rleken inte h\u00e5ller eller n\u00e4r olyckan och sorgen intr\u00e4ffar.<\/p>\n<h5>Hur ska man leva ett bra liv?<\/h5>\n<p>I Antikens Grekland, i vaggan av det v\u00e4sterl\u00e4ndska t\u00e4nkandet, tr\u00f6stade och hj\u00e4lpte filosofin i sorgen och i \u00e5ngesten. Tr\u00f6sten var dock inte det enda m\u00e5let. Filosofin f\u00f6rs\u00f6ker alltid framf\u00f6rallt f\u00f6rdjupa m\u00e4nniskans f\u00f6rst\u00e5else om sig sj\u00e4lv och livet.<\/p>\n<p>Tiden efter antiken var de ofta pr\u00e4sten som svarade p\u00e5 samma fr\u00e5gor som filosoferna tidigare svarat p\u00e5. Idag finns det m\u00e4ngder av olika terapeuter, psykologer och psykoanalytiker som tolkar livet. Det \u00e4r inte filosofin som har blivit gammal, tv\u00e4rtom erbjuder filosofin fortfarande verktyg f\u00f6r att unders\u00f6ka livet och vad som b\u00e4st passar f\u00f6r alla. Filosofins m\u00e5l \u00e4r alltid att f\u00f6rdjupa f\u00f6rst\u00e5elsen av livet och m\u00e4nniskan.<\/p>\n","protected":false},"excerpt":{"rendered":"<p>Filosofi bedriver djupare f\u00f6rst\u00e5else av varandet, livet och v\u00e4rlden.  <\/p>\n","protected":false},"author":1,"featured_media":207,"parent":0,"menu_order":0,"comment_status":"closed","ping_status":"closed","template":"","meta":{"footnotes":""},"class_list":["post-153","page","type-page","status-publish","has-post-thumbnail","hentry"],"_links":{"self":[{"href":"https:\/\/sofiaterapia.net\/sv\/wp-json\/wp\/v2\/pages\/153","targetHints":{"allow":["GET"]}}],"collection":[{"href":"https:\/\/sofiaterapia.net\/sv\/wp-json\/wp\/v2\/pages"}],"about":[{"href":"https:\/\/sofiaterapia.net\/sv\/wp-json\/wp\/v2\/types\/page"}],"author":[{"embeddable":true,"href":"https:\/\/sofiaterapia.net\/sv\/wp-json\/wp\/v2\/users\/1"}],"replies":[{"embeddable":true,"href":"https:\/\/sofiaterapia.net\/sv\/wp-json\/wp\/v2\/comments?post=153"}],"version-history":[{"count":5,"href":"https:\/\/sofiaterapia.net\/sv\/wp-json\/wp\/v2\/pages\/153\/revisions"}],"predecessor-version":[{"id":416,"href":"https:\/\/sofiaterapia.net\/sv\/wp-json\/wp\/v2\/pages\/153\/revisions\/416"}],"wp:featuredmedia":[{"embeddable":true,"href":"https:\/\/sofiaterapia.net\/sv\/wp-json\/wp\/v2\/media\/207"}],"wp:attachment":[{"href":"https:\/\/sofiaterapia.net\/sv\/wp-json\/wp\/v2\/media?parent=153"}],"curies":[{"name":"wp","href":"https:\/\/api.w.org\/{rel}","templated":true}]}}