{"id":164,"date":"2014-06-24T22:03:01","date_gmt":"2014-06-24T19:03:01","guid":{"rendered":"http:\/\/sofiaterapia.net\/hallinta\/?page_id=164"},"modified":"2018-03-08T22:39:05","modified_gmt":"2018-03-08T20:39:05","slug":"elli-arivaara-ebbe-3","status":"publish","type":"page","link":"https:\/\/sofiaterapia.net\/sv\/elli-arivaara-ebbe-3\/","title":{"rendered":"Elli Akr\u00e9n-Ebbe"},"content":{"rendered":"<p><a href=\"http:\/\/sofiaterapia.net\/hallinta\/wp-content\/uploads\/2013\/04\/elli1.jpg\"><img loading=\"lazy\" decoding=\"async\" class=\"alignleft wp-image-209\" src=\"http:\/\/sofiaterapia.net\/hallinta\/wp-content\/uploads\/2013\/04\/elli1-300x219.jpg\" alt=\"elli\" width=\"192\" height=\"140\" srcset=\"https:\/\/sofiaterapia.net\/hallinta\/wp-content\/uploads\/2013\/04\/elli1-300x219.jpg 300w, https:\/\/sofiaterapia.net\/hallinta\/wp-content\/uploads\/2013\/04\/elli1.jpg 600w\" sizes=\"auto, (max-width: 192px) 100vw, 192px\" \/><\/a><\/p>\n<p>Kvinnan bakom Sofiaterapia \u00e4r filosofen och psykoterapeuten Elli Akr\u00e9n-Ebbe. Hon har studerat teoretisk filosofi vid Helsingfors universitet. Hon gjorde sitt pro gradu arbete om k\u00e4nslornas filosofi och fokuserade p\u00e5 Platons begrepp av k\u00e4rleken i dialogen Symposium. Hon blev intresserad av filosofins terapeutiska m\u00f6jligheter i slutet av sina studier och blev bl.a.\u00a0inspirerad\u00a0den amerikanska filosofen Martha Nussbaum, som bl.a. fokuserade p\u00e5 pragmatism.<\/p>\n<p>Elli Akr\u00e9n-Ebbe \u00e4r ocks\u00e5 psykoterapeut och har studerat l\u00f6sningsfokuserad terapi vid Kortterapi institutet i Helsingfors. Hon \u00e4r auktoriserad av finska tillst\u00e5nds- och tillsynsverket f\u00f6r social- och h\u00e4lsov\u00e5rden (Valvira).<\/p>\n","protected":false},"excerpt":{"rendered":"<p>Kvinnan bakom Sofiaterapia \u00e4r filosofen och psykoterapeuten Elli Akr\u00e9n-Ebbe. Hon har studerat teoretisk filosofi vid Helsingfors universitet. Hon gjorde sitt pro gradu arbete om k\u00e4nslornas filosofi och fokuserade p\u00e5 Platons&hellip; <\/p>\n","protected":false},"author":2,"featured_media":0,"parent":0,"menu_order":0,"comment_status":"closed","ping_status":"closed","template":"","meta":{"footnotes":""},"class_list":["post-164","page","type-page","status-publish","hentry"],"_links":{"self":[{"href":"https:\/\/sofiaterapia.net\/sv\/wp-json\/wp\/v2\/pages\/164","targetHints":{"allow":["GET"]}}],"collection":[{"href":"https:\/\/sofiaterapia.net\/sv\/wp-json\/wp\/v2\/pages"}],"about":[{"href":"https:\/\/sofiaterapia.net\/sv\/wp-json\/wp\/v2\/types\/page"}],"author":[{"embeddable":true,"href":"https:\/\/sofiaterapia.net\/sv\/wp-json\/wp\/v2\/users\/2"}],"replies":[{"embeddable":true,"href":"https:\/\/sofiaterapia.net\/sv\/wp-json\/wp\/v2\/comments?post=164"}],"version-history":[{"count":5,"href":"https:\/\/sofiaterapia.net\/sv\/wp-json\/wp\/v2\/pages\/164\/revisions"}],"predecessor-version":[{"id":607,"href":"https:\/\/sofiaterapia.net\/sv\/wp-json\/wp\/v2\/pages\/164\/revisions\/607"}],"wp:attachment":[{"href":"https:\/\/sofiaterapia.net\/sv\/wp-json\/wp\/v2\/media?parent=164"}],"curies":[{"name":"wp","href":"https:\/\/api.w.org\/{rel}","templated":true}]}}